{"id":655,"date":"2025-03-28T00:42:56","date_gmt":"2025-03-27T23:42:56","guid":{"rendered":"https:\/\/www.sophiescheufele.be\/bdv\/?page_id=655"},"modified":"2025-04-03T09:47:57","modified_gmt":"2025-04-03T07:47:57","slug":"reflexologie","status":"publish","type":"page","link":"https:\/\/www.sophiescheufele.be\/bdv\/reflexologie\/","title":{"rendered":"R\u00e9flexologie"},"content":{"rendered":"\n<h3 class=\"wp-block-heading\">La r\u00e9flexologie plantaire<\/h3>\n\n\n\n<div class=\"wp-block-columns are-vertically-aligned-center has-nv-light-bg-background-color has-background is-layout-flex wp-container-core-columns-is-layout-ac6b6ae2 wp-block-columns-is-layout-flex\" style=\"border-style:none;border-width:0px;border-radius:15px;padding-top:0;padding-right:0px;padding-bottom:0;padding-left:0px\">\n<div class=\"wp-block-column is-vertically-aligned-center is-layout-flow wp-block-column-is-layout-flow\">\n<div class=\"wp-block-columns is-layout-flex wp-container-core-columns-is-layout-c4a4fa71 wp-block-columns-is-layout-flex\" style=\"padding-top:10px;padding-right:10px;padding-bottom:10px;padding-left:10px\">\n<div class=\"wp-block-column is-vertically-aligned-center is-layout-flow wp-block-column-is-layout-flow\" style=\"padding-top:0px;padding-right:0px;padding-bottom:0px;padding-left:0px;flex-basis:35%\">\n<figure class=\"wp-block-image size-full has-custom-border\" data-aos=\"slide-right\" data-aos-duration=\"1000\" data-aos-mirror=\"true\"><img loading=\"lazy\" decoding=\"async\" width=\"1024\" height=\"683\" src=\"https:\/\/www.sophiescheufele.be\/bdv\/wp-content\/uploads\/2025\/03\/Photo-133_1024_2.jpg\" alt=\"\" class=\"wp-image-684\" style=\"border-radius:10px\" srcset=\"https:\/\/www.sophiescheufele.be\/bdv\/wp-content\/uploads\/2025\/03\/Photo-133_1024_2.jpg 1024w, https:\/\/www.sophiescheufele.be\/bdv\/wp-content\/uploads\/2025\/03\/Photo-133_1024_2-300x200.jpg 300w, https:\/\/www.sophiescheufele.be\/bdv\/wp-content\/uploads\/2025\/03\/Photo-133_1024_2-768x512.jpg 768w, https:\/\/www.sophiescheufele.be\/bdv\/wp-content\/uploads\/2025\/03\/Photo-133_1024_2-930x620.jpg 930w, https:\/\/www.sophiescheufele.be\/bdv\/wp-content\/uploads\/2025\/03\/Photo-133_1024_2-24x16.jpg 24w, https:\/\/www.sophiescheufele.be\/bdv\/wp-content\/uploads\/2025\/03\/Photo-133_1024_2-36x24.jpg 36w, https:\/\/www.sophiescheufele.be\/bdv\/wp-content\/uploads\/2025\/03\/Photo-133_1024_2-48x32.jpg 48w\" sizes=\"auto, (max-width: 1024px) 100vw, 1024px\" \/><\/figure>\n<\/div>\n\n\n\n<div class=\"wp-block-column is-vertically-aligned-center is-layout-flow wp-block-column-is-layout-flow\" style=\"padding-right:0px;padding-left:10px;flex-basis:65%\">\n<p>La r\u00e9flexologie est une technique de soins tr\u00e8s ancienne d\u00e9velopp\u00e9e en <strong>Chine<\/strong> il y a plus de <strong>5 000 ans<\/strong>. On la retrouve aussi dans les civilisations incas, \u00e9gyptiennes et am\u00e9rindiennes.<\/p>\n\n\n\n<p>Elle a \u00e9t\u00e9 formalis\u00e9e en Occident au XX<sup>\u00e8me<\/sup> si\u00e8cle par les travaux du Dr William Fitzgerald et de la physioth\u00e9rapeute Eunice Ingham.<\/p>\n\n\n\n<p>Elle s\u2019inscrit dans une <strong>vision holistique<\/strong> o\u00f9 l\u2019\u00e9quilibre global du corps et de l\u2019esprit est recherch\u00e9. Elle a une action \u00e0 la fois sur les plans physique, physiologique et psychique et s&rsquo;adresse aux adultes comme aux enfants.<\/p>\n<\/div>\n<\/div>\n\n\n\n<p><\/p>\n<\/div>\n<\/div>\n\n\n\n<div style=\"height:25px\" aria-hidden=\"true\" class=\"wp-block-spacer\"><\/div>\n\n\n\n<h3 class=\"wp-block-heading\">Principes de la r\u00e9flexologie plantaire<\/h3>\n\n\n\n<div class=\"wp-block-columns are-vertically-aligned-center is-layout-flex wp-container-core-columns-is-layout-ac6b6ae2 wp-block-columns-is-layout-flex\" style=\"border-style:none;border-width:0px;border-radius:15px;padding-top:0;padding-right:0px;padding-bottom:0;padding-left:0px\">\n<div class=\"wp-block-column is-vertically-aligned-center is-layout-flow wp-block-column-is-layout-flow\">\n<div class=\"wp-block-columns is-layout-flex wp-container-core-columns-is-layout-c4a4fa71 wp-block-columns-is-layout-flex\" style=\"padding-top:10px;padding-right:10px;padding-bottom:10px;padding-left:10px\">\n<div class=\"wp-block-column is-vertically-aligned-center is-layout-flow wp-block-column-is-layout-flow\" style=\"padding-right:10px;padding-left:0px;flex-basis:65%\">\n<p>Les pieds ( \u00b1 7 200 terminaisons nerveuses) sont le \u00ab miroir du corps \u00bb et pr\u00e9sentent une v\u00e9ritable cartographie miniature de notre organisme.<\/p>\n\n\n\n<p><strong>Chaque syst\u00e8me<\/strong> (digestif, circulatoire, nerveux, \u2026) <strong>est li\u00e9 \u00e0 une s\u00e9rie de points pr\u00e9cis sur les pieds<\/strong>, points qui peuvent devenir tr\u00e8s sensibles et signaler un d\u00e9s\u00e9quilibre.<\/p>\n\n\n\n<p>La r\u00e9flexologie consiste \u00e0 d\u00e9bloquer ces points en douceur et \u00e0 <strong>refaire circuler l\u2019\u00e9nergie<\/strong> en exer\u00e7ant des pressions et des effleurages sur les zones concern\u00e9es.<\/p>\n\n\n\n<p>Cela permet de rel\u00e2cher les tensions, d&rsquo;activer les zones r\u00e9flexog\u00e8nes des r\u00e9gions corporelles qui y sont li\u00e9es et de lib\u00e9rer les facult\u00e9s d\u2019autogu\u00e9rison de l\u2019organisme.<\/p>\n<\/div>\n\n\n\n<div class=\"wp-block-column is-layout-flow wp-block-column-is-layout-flow\" style=\"flex-basis:35%\">\n<figure class=\"wp-block-image size-full has-custom-border\" data-aos=\"slide-left\" data-aos-duration=\"1000\" data-aos-mirror=\"true\"><img loading=\"lazy\" decoding=\"async\" width=\"776\" height=\"1024\" src=\"https:\/\/www.sophiescheufele.be\/bdv\/wp-content\/uploads\/2025\/04\/Photo-4_1024.jpg\" alt=\"\" class=\"wp-image-828\" style=\"border-radius:10px\" srcset=\"https:\/\/www.sophiescheufele.be\/bdv\/wp-content\/uploads\/2025\/04\/Photo-4_1024.jpg 776w, https:\/\/www.sophiescheufele.be\/bdv\/wp-content\/uploads\/2025\/04\/Photo-4_1024-227x300.jpg 227w, https:\/\/www.sophiescheufele.be\/bdv\/wp-content\/uploads\/2025\/04\/Photo-4_1024-768x1013.jpg 768w, https:\/\/www.sophiescheufele.be\/bdv\/wp-content\/uploads\/2025\/04\/Photo-4_1024-18x24.jpg 18w, https:\/\/www.sophiescheufele.be\/bdv\/wp-content\/uploads\/2025\/04\/Photo-4_1024-27x36.jpg 27w, https:\/\/www.sophiescheufele.be\/bdv\/wp-content\/uploads\/2025\/04\/Photo-4_1024-36x48.jpg 36w\" sizes=\"auto, (max-width: 776px) 100vw, 776px\" \/><\/figure>\n<\/div>\n<\/div>\n\n\n\n<p><\/p>\n<\/div>\n<\/div>\n\n\n\n<div style=\"height:25px\" aria-hidden=\"true\" class=\"wp-block-spacer\"><\/div>\n\n\n\n<h3 class=\"wp-block-heading\">Apports et bienfaits<\/h3>\n\n\n\n<div class=\"wp-block-columns are-vertically-aligned-center has-nv-c-1-background-color has-background is-layout-flex wp-container-core-columns-is-layout-ac6b6ae2 wp-block-columns-is-layout-flex\" style=\"border-style:none;border-width:0px;border-radius:15px;padding-top:0;padding-right:0px;padding-bottom:0;padding-left:0px\">\n<div class=\"wp-block-column is-vertically-aligned-center is-layout-flow wp-block-column-is-layout-flow\">\n<div class=\"wp-block-columns is-layout-flex wp-container-core-columns-is-layout-c4a4fa71 wp-block-columns-is-layout-flex\" style=\"padding-top:10px;padding-right:10px;padding-bottom:10px;padding-left:10px\">\n<div class=\"wp-block-column is-vertically-aligned-center is-layout-flow wp-block-column-is-layout-flow\" style=\"flex-basis:35%\">\n<figure class=\"wp-block-image size-full has-custom-border\" data-aos=\"slide-right\" data-aos-duration=\"1000\" data-aos-mirror=\"true\"><img loading=\"lazy\" decoding=\"async\" width=\"776\" height=\"1024\" src=\"https:\/\/www.sophiescheufele.be\/bdv\/wp-content\/uploads\/2025\/04\/Photo-62_1024.jpg\" alt=\"\" class=\"wp-image-829\" style=\"border-radius:10px\" srcset=\"https:\/\/www.sophiescheufele.be\/bdv\/wp-content\/uploads\/2025\/04\/Photo-62_1024.jpg 776w, https:\/\/www.sophiescheufele.be\/bdv\/wp-content\/uploads\/2025\/04\/Photo-62_1024-227x300.jpg 227w, https:\/\/www.sophiescheufele.be\/bdv\/wp-content\/uploads\/2025\/04\/Photo-62_1024-768x1013.jpg 768w, https:\/\/www.sophiescheufele.be\/bdv\/wp-content\/uploads\/2025\/04\/Photo-62_1024-18x24.jpg 18w, https:\/\/www.sophiescheufele.be\/bdv\/wp-content\/uploads\/2025\/04\/Photo-62_1024-27x36.jpg 27w, https:\/\/www.sophiescheufele.be\/bdv\/wp-content\/uploads\/2025\/04\/Photo-62_1024-36x48.jpg 36w\" sizes=\"auto, (max-width: 776px) 100vw, 776px\" \/><\/figure>\n<\/div>\n\n\n\n<div class=\"wp-block-column is-vertically-aligned-center is-layout-flow wp-block-column-is-layout-flow\" style=\"padding-left:10px;flex-basis:65%\">\n<p>La r\u00e9flexologie favorise \u00e9galement la <strong>relaxation<\/strong>, diminue le <strong>stress<\/strong>, att\u00e9nue les sympt\u00f4mes de certaines pathologies et troubles psychiques.<\/p>\n\n\n\n<p>Elle am\u00e9liore consid\u00e9rablement la qualit\u00e9 de vie et est un excellent outil de pr\u00e9vention par son r\u00e9\u00e9quilibrage des diff\u00e9rentes structures du corps.<\/p>\n\n\n\n<p>Avec les enfants, la r\u00e9flexologie peut diminuer l\u2019agitation, la nervosit\u00e9 et les troubles de l\u2019attention et de la concentration.<\/p>\n\n\n\n<p>En <strong>maison de repos<\/strong> et de soins ou en <strong>soins palliatifs<\/strong>, elle offre un moment de <strong>bien-\u00eatre<\/strong> et de relaxation dans un quotidien de soins parfois lourd et invasif.<\/p>\n\n\n\n<p>Le massage s\u2019effectue berc\u00e9 par une musique douce, avec de l&rsquo;<strong>huile biologique<\/strong>, des <strong>huiles essentielles biologiques<\/strong> et des cr\u00e8mes \u00e0 base de cire naturelle d&rsquo;abeille ou 100 % naturelles.<\/p>\n<\/div>\n<\/div>\n\n\n\n<p><\/p>\n<\/div>\n<\/div>\n\n\n\n<div style=\"height:25px\" aria-hidden=\"true\" class=\"wp-block-spacer\"><\/div>\n\n\n\n<div class=\"wp-block-buttons is-content-justification-right is-layout-flex wp-container-core-buttons-is-layout-1888cafc wp-block-buttons-is-layout-flex\">\n<div class=\"wp-block-button has-custom-width wp-block-button__width-100 is-style-primary\"><a class=\"wp-block-button__link wp-element-button\" href=\"https:\/\/www.sophiescheufele.be\/bdv\/indications-accompagnement\/\">&gt; Indications<\/a><\/div>\n\n\n\n<div class=\"wp-block-button has-custom-width wp-block-button__width-100 is-style-primary\"><a class=\"wp-block-button__link wp-element-button\">Prendre rendez-vous<\/a><\/div>\n<\/div>\n\n\n\n<div style=\"height:25px\" aria-hidden=\"true\" class=\"wp-block-spacer\"><\/div>\n\n\n\n<p><\/p>\n","protected":false},"excerpt":{"rendered":"<p>La r\u00e9flexologie plantaire La r\u00e9flexologie est une technique de soins tr\u00e8s ancienne d\u00e9velopp\u00e9e en Chine il y a plus de 5 000 ans. On la retrouve aussi dans les civilisations incas, \u00e9gyptiennes et am\u00e9rindiennes. Elle a \u00e9t\u00e9 formalis\u00e9e en Occident au XX\u00e8me si\u00e8cle par les travaux du Dr William Fitzgerald et de la physioth\u00e9rapeute Eunice&hellip;&nbsp;<a href=\"https:\/\/www.sophiescheufele.be\/bdv\/reflexologie\/\" rel=\"bookmark\">Lire la suite &raquo;<span class=\"screen-reader-text\">R\u00e9flexologie<\/span><\/a><\/p>\n","protected":false},"author":1,"featured_media":685,"parent":0,"menu_order":0,"comment_status":"closed","ping_status":"closed","template":"","meta":{"neve_meta_sidebar":"","neve_meta_container":"","neve_meta_enable_content_width":"","neve_meta_content_width":0,"neve_meta_title_alignment":"","neve_meta_author_avatar":"","neve_post_elements_order":"","neve_meta_disable_header":"","neve_meta_disable_footer":"","neve_meta_disable_title":"","footnotes":""},"class_list":["post-655","page","type-page","status-publish","has-post-thumbnail","hentry"],"_links":{"self":[{"href":"https:\/\/www.sophiescheufele.be\/bdv\/wp-json\/wp\/v2\/pages\/655","targetHints":{"allow":["GET"]}}],"collection":[{"href":"https:\/\/www.sophiescheufele.be\/bdv\/wp-json\/wp\/v2\/pages"}],"about":[{"href":"https:\/\/www.sophiescheufele.be\/bdv\/wp-json\/wp\/v2\/types\/page"}],"author":[{"embeddable":true,"href":"https:\/\/www.sophiescheufele.be\/bdv\/wp-json\/wp\/v2\/users\/1"}],"replies":[{"embeddable":true,"href":"https:\/\/www.sophiescheufele.be\/bdv\/wp-json\/wp\/v2\/comments?post=655"}],"version-history":[{"count":51,"href":"https:\/\/www.sophiescheufele.be\/bdv\/wp-json\/wp\/v2\/pages\/655\/revisions"}],"predecessor-version":[{"id":958,"href":"https:\/\/www.sophiescheufele.be\/bdv\/wp-json\/wp\/v2\/pages\/655\/revisions\/958"}],"wp:featuredmedia":[{"embeddable":true,"href":"https:\/\/www.sophiescheufele.be\/bdv\/wp-json\/wp\/v2\/media\/685"}],"wp:attachment":[{"href":"https:\/\/www.sophiescheufele.be\/bdv\/wp-json\/wp\/v2\/media?parent=655"}],"curies":[{"name":"wp","href":"https:\/\/api.w.org\/{rel}","templated":true}]}}