{"id":659,"date":"2025-03-28T00:44:11","date_gmt":"2025-03-27T23:44:11","guid":{"rendered":"https:\/\/www.sophiescheufele.be\/bdv\/?page_id=659"},"modified":"2025-04-03T10:01:07","modified_gmt":"2025-04-03T08:01:07","slug":"qui-suis-je","status":"publish","type":"page","link":"https:\/\/www.sophiescheufele.be\/bdv\/qui-suis-je\/","title":{"rendered":"Qui suis-je ?"},"content":{"rendered":"\n<h3 class=\"wp-block-heading\">Sophie Scheufele<\/h3>\n\n\n\n<p>Psychologue, psychomotricienne, r\u00e9flexologue, accompagnatrice en soins palliatifs<\/p>\n\n\n\n<div class=\"wp-block-columns are-vertically-aligned-center has-nv-light-bg-background-color has-background is-layout-flex wp-container-core-columns-is-layout-ac6b6ae2 wp-block-columns-is-layout-flex\" style=\"border-style:none;border-width:0px;border-radius:15px;padding-top:0;padding-right:0px;padding-bottom:0;padding-left:0px\">\n<div class=\"wp-block-column is-vertically-aligned-center is-layout-flow wp-block-column-is-layout-flow\">\n<div class=\"wp-block-columns is-layout-flex wp-container-core-columns-is-layout-c4a4fa71 wp-block-columns-is-layout-flex\" style=\"padding-top:10px;padding-right:10px;padding-bottom:10px;padding-left:10px\">\n<div class=\"wp-block-column is-vertically-aligned-center is-layout-flow wp-block-column-is-layout-flow\" style=\"padding-top:0px;padding-right:0px;padding-bottom:0px;padding-left:0px;flex-basis:30%\">\n<figure class=\"wp-block-image size-full has-custom-border\" data-aos=\"slide-right\" data-aos-duration=\"1000\"><img loading=\"lazy\" decoding=\"async\" width=\"250\" height=\"376\" src=\"https:\/\/www.sophiescheufele.be\/bdv\/wp-content\/uploads\/2025\/04\/image175_2.jpeg\" alt=\"\" class=\"wp-image-876\" style=\"border-radius:10px\" srcset=\"https:\/\/www.sophiescheufele.be\/bdv\/wp-content\/uploads\/2025\/04\/image175_2.jpeg 250w, https:\/\/www.sophiescheufele.be\/bdv\/wp-content\/uploads\/2025\/04\/image175_2-199x300.jpeg 199w, https:\/\/www.sophiescheufele.be\/bdv\/wp-content\/uploads\/2025\/04\/image175_2-16x24.jpeg 16w, https:\/\/www.sophiescheufele.be\/bdv\/wp-content\/uploads\/2025\/04\/image175_2-24x36.jpeg 24w, https:\/\/www.sophiescheufele.be\/bdv\/wp-content\/uploads\/2025\/04\/image175_2-32x48.jpeg 32w\" sizes=\"auto, (max-width: 250px) 100vw, 250px\" \/><\/figure>\n<\/div>\n\n\n\n<div class=\"wp-block-column is-vertically-aligned-center is-layout-flow wp-block-column-is-layout-flow\" style=\"padding-right:0px;padding-left:10px;flex-basis:70%\">\n<p><strong>Psychologue<\/strong> de formation, sp\u00e9cialis\u00e9e en <strong>psychop\u00e9dagogie<\/strong> et <strong>psychomotricit\u00e9<\/strong>, j&rsquo;ai travaill\u00e9 comme psychomotricienne dans diff\u00e9rents projets de petite enfance.<\/p>\n\n\n\n<p>Je suis form\u00e9e en <strong>th\u00e9rapie du d\u00e9veloppement de l&rsquo;enfant<\/strong> (IFISAM), en <strong>travail corporel en th\u00e9rapie psychomotrice<\/strong> (CPSE), en <strong>massage anti-stress<\/strong>, en <strong>accompagnement en soins palliatifs<\/strong> (Palliabru) et en <strong>soins ess\u00e9niens<\/strong> (V\u00e9ronique Blondiau).<\/p>\n\n\n\n<p>Au fil de mon parcours, la r\u00e9flexologie s&rsquo;est impos\u00e9e \u00e0 moi comme un outil \u00e0 part enti\u00e8re. <\/p>\n\n\n\n<p>Dipl\u00f4m\u00e9e en r<strong>\u00e9flexologie plantaire professionnelle<\/strong> (Acad\u00e9mie de R\u00e9flexologie &#8211; N.Ortmann), je suis membre de la <strong><a href=\"https:\/\/feberef.com\/\">FeBeRef <\/a><\/strong>(F\u00e9d\u00e9ration Belge des R\u00e9flexologues).<\/p>\n<\/div>\n<\/div>\n\n\n\n<p><\/p>\n<\/div>\n<\/div>\n\n\n\n<p>Mon chemin de vie comme maman, \u00e9pouse, soutien de personnes migrantes (Plateforme citoyenne &#8211; Bxl Refugees), aide p\u00e9dagogique aupr\u00e8s d&rsquo;enfants malentendants (APEDAF), \u00e9maill\u00e9 de formations et de stages de d\u00e9veloppement personnel (Sacr\u00e9e Femme &#8211; Woman Within, cercles autour de la f\u00e9minit\u00e9, co-cr\u00e9atrice d&rsquo;un cercle de femmes, travail de l&rsquo;ombre, \u2026) a enrichi ma pratique.<\/p>\n\n\n\n<p>Et c&rsquo;est une grande <strong>joie<\/strong> aujourd&rsquo;hui de pouvoir <strong>accompagner<\/strong> toute personne sur son chemin de vie avec des outils tenant compte de la <strong>globalit\u00e9 de l&rsquo;Etre<\/strong>.<\/p>\n\n\n\n<div style=\"height:21px\" aria-hidden=\"true\" class=\"wp-block-spacer\"><\/div>\n\n\n\n<div class=\"wp-block-buttons is-content-justification-right is-layout-flex wp-container-core-buttons-is-layout-1888cafc wp-block-buttons-is-layout-flex\">\n<div class=\"wp-block-button has-custom-width wp-block-button__width-100 is-style-primary\"><a class=\"wp-block-button__link wp-element-button\" href=\"https:\/\/www.sophiescheufele.be\/bdv\/contact\/\">&gt; Contact<\/a><\/div>\n\n\n\n<div class=\"wp-block-button has-custom-width wp-block-button__width-100 is-style-primary\"><a class=\"wp-block-button__link wp-element-button\" href=\"https:\/\/www.sophiescheufele.be\/bdv\/rendez-vous\/\">Prendre rendez-vous<\/a><\/div>\n<\/div>\n\n\n\n<div style=\"height:21px\" aria-hidden=\"true\" class=\"wp-block-spacer\"><\/div>\n\n\n\n<p><\/p>\n","protected":false},"excerpt":{"rendered":"<p>Sophie Scheufele Psychologue, psychomotricienne, r\u00e9flexologue, accompagnatrice en soins palliatifs Psychologue de formation, sp\u00e9cialis\u00e9e en psychop\u00e9dagogie et psychomotricit\u00e9, j&rsquo;ai travaill\u00e9 comme psychomotricienne dans diff\u00e9rents projets de petite enfance. Je suis form\u00e9e en th\u00e9rapie du d\u00e9veloppement de l&rsquo;enfant (IFISAM), en travail corporel en th\u00e9rapie psychomotrice (CPSE), en massage anti-stress, en accompagnement en soins palliatifs (Palliabru) et en&hellip;&nbsp;<a href=\"https:\/\/www.sophiescheufele.be\/bdv\/qui-suis-je\/\" rel=\"bookmark\">Lire la suite &raquo;<span class=\"screen-reader-text\">Qui suis-je ?<\/span><\/a><\/p>\n","protected":false},"author":1,"featured_media":0,"parent":0,"menu_order":0,"comment_status":"closed","ping_status":"closed","template":"","meta":{"neve_meta_sidebar":"","neve_meta_container":"","neve_meta_enable_content_width":"","neve_meta_content_width":0,"neve_meta_title_alignment":"","neve_meta_author_avatar":"","neve_post_elements_order":"","neve_meta_disable_header":"","neve_meta_disable_footer":"","neve_meta_disable_title":"","footnotes":""},"class_list":["post-659","page","type-page","status-publish","hentry"],"_links":{"self":[{"href":"https:\/\/www.sophiescheufele.be\/bdv\/wp-json\/wp\/v2\/pages\/659","targetHints":{"allow":["GET"]}}],"collection":[{"href":"https:\/\/www.sophiescheufele.be\/bdv\/wp-json\/wp\/v2\/pages"}],"about":[{"href":"https:\/\/www.sophiescheufele.be\/bdv\/wp-json\/wp\/v2\/types\/page"}],"author":[{"embeddable":true,"href":"https:\/\/www.sophiescheufele.be\/bdv\/wp-json\/wp\/v2\/users\/1"}],"replies":[{"embeddable":true,"href":"https:\/\/www.sophiescheufele.be\/bdv\/wp-json\/wp\/v2\/comments?post=659"}],"version-history":[{"count":9,"href":"https:\/\/www.sophiescheufele.be\/bdv\/wp-json\/wp\/v2\/pages\/659\/revisions"}],"predecessor-version":[{"id":973,"href":"https:\/\/www.sophiescheufele.be\/bdv\/wp-json\/wp\/v2\/pages\/659\/revisions\/973"}],"wp:attachment":[{"href":"https:\/\/www.sophiescheufele.be\/bdv\/wp-json\/wp\/v2\/media?parent=659"}],"curies":[{"name":"wp","href":"https:\/\/api.w.org\/{rel}","templated":true}]}}