{"id":661,"date":"2025-03-28T00:44:28","date_gmt":"2025-03-27T23:44:28","guid":{"rendered":"https:\/\/www.sophiescheufele.be\/bdv\/?page_id=661"},"modified":"2025-09-07T19:22:40","modified_gmt":"2025-09-07T17:22:40","slug":"seances-tarifs","status":"publish","type":"page","link":"https:\/\/www.sophiescheufele.be\/bdv\/seances-tarifs\/","title":{"rendered":"S\u00e9ances &amp; Tarifs"},"content":{"rendered":"\n<div class=\"wp-block-columns is-layout-flex wp-container-core-columns-is-layout-9d6595d7 wp-block-columns-is-layout-flex\">\n<div class=\"wp-block-column is-layout-flow wp-block-column-is-layout-flow\" style=\"flex-basis:70%\">\n<p>Apr\u00e8s un moment de parole, je m&rsquo;oriente vers une harmonie globale par  un soin adapt\u00e9 et personnalis\u00e9 sur les pieds, explorant chaque syst\u00e8me tout en vous accompagnant au besoin dans votre v\u00e9cu.<\/p>\n<\/div>\n\n\n\n<div class=\"wp-block-column is-layout-flow wp-block-column-is-layout-flow\" style=\"flex-basis:30%\">\n<div class=\"wp-block-buttons has-custom-font-size has-small-font-size is-vertical is-content-justification-right is-nowrap is-layout-flex wp-container-core-buttons-is-layout-2d5bef97 wp-block-buttons-is-layout-flex\">\n<div class=\"wp-block-button has-custom-width wp-block-button__width-50 is-style-primary\"><a class=\"wp-block-button__link wp-element-button\" href=\"https:\/\/www.sophiescheufele.be\/bdv\/contact\/\">Contact<\/a><\/div>\n\n\n\n<div class=\"wp-block-button has-custom-width wp-block-button__width-50 is-style-primary\"><a class=\"wp-block-button__link wp-element-button\" href=\"https:\/\/www.sophiescheufele.be\/bdv\/acces\/\">Acc\u00e8s<\/a><\/div>\n\n\n\n<div class=\"wp-block-button has-custom-width wp-block-button__width-50 is-style-primary\"><a class=\"wp-block-button__link wp-element-button\" href=\"https:\/\/www.sophiescheufele.be\/bdv\/rendez-vous\/\">Rendez-vous<\/a><\/div>\n<\/div>\n<\/div>\n<\/div>\n\n\n\n<h3 class=\"wp-block-heading\">Tarifs<\/h3>\n\n\n\n<div class=\"wp-block-columns are-vertically-aligned-center has-nv-light-bg-background-color has-background is-layout-flex wp-container-core-columns-is-layout-ac6b6ae2 wp-block-columns-is-layout-flex\" style=\"border-style:none;border-width:0px;border-radius:15px;padding-top:0;padding-right:0px;padding-bottom:0;padding-left:0px\">\n<div class=\"wp-block-column is-vertically-aligned-center is-layout-flow wp-block-column-is-layout-flow\">\n<div class=\"wp-block-columns is-layout-flex wp-container-core-columns-is-layout-c4a4fa71 wp-block-columns-is-layout-flex\" style=\"padding-top:10px;padding-right:10px;padding-bottom:10px;padding-left:10px\">\n<div class=\"wp-block-column is-vertically-aligned-center is-layout-flow wp-block-column-is-layout-flow\" style=\"padding-right:0px;padding-left:10px;flex-basis:65%\">\n<ul class=\"wp-block-list\">\n<li><strong>Adulte<\/strong> : 1 h &#8211; 1 h 15 par s\u00e9ance : <strong>60 \u20ac<\/strong><\/li>\n\n\n\n<li><strong>Enfant<\/strong> (-13 ans) : 45 min &#8211; 1 h par s\u00e9ance :<strong> 50 \u20ac<\/strong><\/li>\n\n\n\n<li>S\u00e9ances \u00e0 <strong>domicile<\/strong> (Bruxelles et environs) :<strong> 70 \u20ac<\/strong><\/li>\n\n\n\n<li><strong>Accompagnement en soins palliatifs<\/strong> : sur demande<\/li>\n<\/ul>\n\n\n\n<div class=\"wp-block-columns are-vertically-aligned-center is-layout-flex wp-container-core-columns-is-layout-9d6595d7 wp-block-columns-is-layout-flex\">\n<div class=\"wp-block-column is-vertically-aligned-center has-nv-text-dark-bg-color has-nv-dark-bg-background-color has-text-color has-background has-link-color wp-elements-aaf1bbdcd2cc43d2e1dfa2ef5bfea9b7 is-layout-flow wp-block-column-is-layout-flow\" style=\"border-radius:15px;padding-top:var(--wp--preset--spacing--50)\">\n<p class=\"has-text-align-center\"><strong>Bon cadeau<\/strong> : envie de faire plaisir ? Offrez une <a href=\"mailto:info@bullesdevie.be?subject=Bon cadeau&amp;body=Bonjour,%0D%0A%0D%0A \t\t\t\t\tJe souhaiterais offrir une s\u00e9ance de r\u00e9flexologie \u00e0 : ... .%0D%0A%0D%0A Merci de me recontacter.%0D%0A%0D%0A Bien \u00e0 vous, %0D%0A%0D%0A\">s\u00e9ance<\/a> !<\/p>\n<\/div>\n<\/div>\n\n\n\n<p><span style=\"text-decoration: underline;\">Abonnements<\/span><br>&#8211; <strong>Abonnement adulte<\/strong> 5 s\u00e9ances : <strong>270 \u20ac<\/strong><br>&#8211; <strong>Abonnement enfant<\/strong> (-13 ans) 5 s\u00e9ances : <strong>225 \u20ac<\/strong><\/p>\n<\/div>\n\n\n\n<div class=\"wp-block-column is-vertically-aligned-center is-layout-flow wp-block-column-is-layout-flow\" style=\"padding-left:10px;flex-basis:35%\" data-aos=\"slide-left\">\n<figure class=\"wp-block-image size-full has-custom-border\" data-aos=\"slide-left\" data-aos-duration=\"1000\"><img loading=\"lazy\" decoding=\"async\" width=\"400\" height=\"600\" src=\"https:\/\/www.sophiescheufele.be\/bdv\/wp-content\/uploads\/2025\/03\/Photo-46_2.jpg\" alt=\"\" class=\"wp-image-706\" style=\"border-radius:10px\" srcset=\"https:\/\/www.sophiescheufele.be\/bdv\/wp-content\/uploads\/2025\/03\/Photo-46_2.jpg 400w, https:\/\/www.sophiescheufele.be\/bdv\/wp-content\/uploads\/2025\/03\/Photo-46_2-200x300.jpg 200w, https:\/\/www.sophiescheufele.be\/bdv\/wp-content\/uploads\/2025\/03\/Photo-46_2-16x24.jpg 16w, https:\/\/www.sophiescheufele.be\/bdv\/wp-content\/uploads\/2025\/03\/Photo-46_2-24x36.jpg 24w, https:\/\/www.sophiescheufele.be\/bdv\/wp-content\/uploads\/2025\/03\/Photo-46_2-32x48.jpg 32w\" sizes=\"auto, (max-width: 400px) 100vw, 400px\" \/><\/figure>\n<\/div>\n<\/div>\n\n\n\n<div style=\"height:25px\" aria-hidden=\"true\" class=\"wp-block-spacer\"><\/div>\n\n\n\n<p><\/p>\n<\/div>\n<\/div>\n\n\n\n<div style=\"height:26px\" aria-hidden=\"true\" class=\"wp-block-spacer\"><\/div>\n\n\n\n<div style=\"height:26px\" aria-hidden=\"true\" class=\"wp-block-spacer\"><\/div>\n\n\n\n<p><\/p>\n","protected":false},"excerpt":{"rendered":"<p>Apr\u00e8s un moment de parole, je m&rsquo;oriente vers une harmonie globale par un soin adapt\u00e9 et personnalis\u00e9 sur les pieds, explorant chaque syst\u00e8me tout en vous accompagnant au besoin dans votre v\u00e9cu. Tarifs Bon cadeau : envie de faire plaisir ? Offrez une s\u00e9ance ! Abonnements&#8211; Abonnement adulte 5 s\u00e9ances : 270 \u20ac&#8211; Abonnement enfant&hellip;&nbsp;<a href=\"https:\/\/www.sophiescheufele.be\/bdv\/seances-tarifs\/\" rel=\"bookmark\">Lire la suite &raquo;<span class=\"screen-reader-text\">S\u00e9ances &amp; Tarifs<\/span><\/a><\/p>\n","protected":false},"author":1,"featured_media":0,"parent":0,"menu_order":0,"comment_status":"closed","ping_status":"closed","template":"","meta":{"neve_meta_sidebar":"","neve_meta_container":"","neve_meta_enable_content_width":"","neve_meta_content_width":0,"neve_meta_title_alignment":"","neve_meta_author_avatar":"","neve_post_elements_order":"","neve_meta_disable_header":"","neve_meta_disable_footer":"","neve_meta_disable_title":"","footnotes":""},"class_list":["post-661","page","type-page","status-publish","hentry"],"_links":{"self":[{"href":"https:\/\/www.sophiescheufele.be\/bdv\/wp-json\/wp\/v2\/pages\/661","targetHints":{"allow":["GET"]}}],"collection":[{"href":"https:\/\/www.sophiescheufele.be\/bdv\/wp-json\/wp\/v2\/pages"}],"about":[{"href":"https:\/\/www.sophiescheufele.be\/bdv\/wp-json\/wp\/v2\/types\/page"}],"author":[{"embeddable":true,"href":"https:\/\/www.sophiescheufele.be\/bdv\/wp-json\/wp\/v2\/users\/1"}],"replies":[{"embeddable":true,"href":"https:\/\/www.sophiescheufele.be\/bdv\/wp-json\/wp\/v2\/comments?post=661"}],"version-history":[{"count":19,"href":"https:\/\/www.sophiescheufele.be\/bdv\/wp-json\/wp\/v2\/pages\/661\/revisions"}],"predecessor-version":[{"id":1019,"href":"https:\/\/www.sophiescheufele.be\/bdv\/wp-json\/wp\/v2\/pages\/661\/revisions\/1019"}],"wp:attachment":[{"href":"https:\/\/www.sophiescheufele.be\/bdv\/wp-json\/wp\/v2\/media?parent=661"}],"curies":[{"name":"wp","href":"https:\/\/api.w.org\/{rel}","templated":true}]}}