{"id":739,"date":"2025-03-29T14:07:28","date_gmt":"2025-03-29T13:07:28","guid":{"rendered":"https:\/\/www.sophiescheufele.be\/bdv\/?page_id=739"},"modified":"2025-07-18T11:21:58","modified_gmt":"2025-07-18T09:21:58","slug":"rendez-vous","status":"publish","type":"page","link":"https:\/\/www.sophiescheufele.be\/bdv\/rendez-vous\/","title":{"rendered":"Rendez-vous"},"content":{"rendered":"\n<div class=\"wp-block-columns is-layout-flex wp-container-core-columns-is-layout-9d6595d7 wp-block-columns-is-layout-flex\">\n<div class=\"wp-block-column is-layout-flow wp-block-column-is-layout-flow\" style=\"flex-basis:60%\">\n<p><strong><mark style=\"background-color:rgba(0, 0, 0, 0);color:#ff0000\" class=\"has-inline-color\">Les s\u00e9ances reprendront \u00e0 partir du 18 ao\u00fbt 2025.<\/mark><\/strong><\/p>\n\n\n\n<p>Choississez vos dates et heures dans le formulaire ci-dessous&#8230;<\/p>\n\n\n\n<p>Patience, le formulaire ci-dessous peut mettre un peu de temps \u00e0 appara\u00eetre&#8230;<\/p>\n<\/div>\n\n\n\n<div class=\"wp-block-column is-layout-flow wp-block-column-is-layout-flow\" style=\"flex-basis:40%\">\n<div class=\"wp-block-buttons has-custom-font-size has-small-font-size is-vertical is-content-justification-right is-nowrap is-layout-flex wp-container-core-buttons-is-layout-2d5bef97 wp-block-buttons-is-layout-flex\">\n<div class=\"wp-block-button has-custom-width wp-block-button__width-50 is-style-primary\"><a class=\"wp-block-button__link wp-element-button\" href=\"https:\/\/www.sophiescheufele.be\/bdv\/contact\/\">Contact<\/a><\/div>\n\n\n\n<div class=\"wp-block-button has-custom-width wp-block-button__width-50 is-style-primary\"><a class=\"wp-block-button__link wp-element-button\" href=\"https:\/\/www.sophiescheufele.be\/bdv\/acces\/\">Acc\u00e8s<\/a><\/div>\n\n\n\n<div class=\"wp-block-button has-custom-width wp-block-button__width-50 is-style-primary\"><a class=\"wp-block-button__link wp-element-button\" href=\"https:\/\/www.sophiescheufele.be\/bdv\/seances-tarifs\/\">Tarifs<\/a><\/div>\n<\/div>\n<\/div>\n<\/div>\n\n\n\n<div class=\"wp-block-columns is-layout-flex wp-container-core-columns-is-layout-9d6595d7 wp-block-columns-is-layout-flex\">\n<div class=\"wp-block-column has-background is-layout-flow wp-block-column-is-layout-flow\" style=\"border-style:none;border-width:0px;border-radius:15px;background-color:#eeeff2;padding-top:var(--wp--preset--spacing--30);padding-right:var(--wp--preset--spacing--30);padding-bottom:var(--wp--preset--spacing--30);padding-left:var(--wp--preset--spacing--30)\">\n<h3 class=\"wp-block-heading\">Formulaire de r\u00e9servation<\/h3>\n\n\n\n<iframe loading=\"lazy\" width=\"100%\" height=\"650\" src=\"https:\/\/cal.com\/bulles-de-vie\/seance-de-reflexologie-plantaire-copie?user=bulles-de-vie\"><\/iframe>\n<\/div>\n<\/div>\n\n\n\n<div style=\"height:25px\" aria-hidden=\"true\" class=\"wp-block-spacer\"><\/div>\n\n\n\n<div style=\"height:25px\" aria-hidden=\"true\" class=\"wp-block-spacer\"><\/div>\n\n\n\n<p><\/p>\n","protected":false},"excerpt":{"rendered":"<p>Les s\u00e9ances reprendront \u00e0 partir du 18 ao\u00fbt 2025. Choississez vos dates et heures dans le formulaire ci-dessous&#8230; Patience, le formulaire ci-dessous peut mettre un peu de temps \u00e0 appara\u00eetre&#8230; Formulaire de r\u00e9servation<\/p>\n","protected":false},"author":1,"featured_media":0,"parent":0,"menu_order":0,"comment_status":"closed","ping_status":"closed","template":"","meta":{"neve_meta_sidebar":"","neve_meta_container":"","neve_meta_enable_content_width":"","neve_meta_content_width":0,"neve_meta_title_alignment":"","neve_meta_author_avatar":"","neve_post_elements_order":"","neve_meta_disable_header":"","neve_meta_disable_footer":"","neve_meta_disable_title":"","footnotes":""},"class_list":["post-739","page","type-page","status-publish","hentry"],"_links":{"self":[{"href":"https:\/\/www.sophiescheufele.be\/bdv\/wp-json\/wp\/v2\/pages\/739","targetHints":{"allow":["GET"]}}],"collection":[{"href":"https:\/\/www.sophiescheufele.be\/bdv\/wp-json\/wp\/v2\/pages"}],"about":[{"href":"https:\/\/www.sophiescheufele.be\/bdv\/wp-json\/wp\/v2\/types\/page"}],"author":[{"embeddable":true,"href":"https:\/\/www.sophiescheufele.be\/bdv\/wp-json\/wp\/v2\/users\/1"}],"replies":[{"embeddable":true,"href":"https:\/\/www.sophiescheufele.be\/bdv\/wp-json\/wp\/v2\/comments?post=739"}],"version-history":[{"count":15,"href":"https:\/\/www.sophiescheufele.be\/bdv\/wp-json\/wp\/v2\/pages\/739\/revisions"}],"predecessor-version":[{"id":1015,"href":"https:\/\/www.sophiescheufele.be\/bdv\/wp-json\/wp\/v2\/pages\/739\/revisions\/1015"}],"wp:attachment":[{"href":"https:\/\/www.sophiescheufele.be\/bdv\/wp-json\/wp\/v2\/media?parent=739"}],"curies":[{"name":"wp","href":"https:\/\/api.w.org\/{rel}","templated":true}]}}